{"id":182,"date":"2023-11-12T11:56:48","date_gmt":"2023-11-12T10:56:48","guid":{"rendered":"https:\/\/brasserieparcel.com\/?page_id=182"},"modified":"2023-12-07T19:56:39","modified_gmt":"2023-12-07T18:56:39","slug":"brasserie","status":"publish","type":"page","link":"https:\/\/brasserieparcel.com\/index.php\/brasserie\/","title":{"rendered":"Brasserie"},"content":{"rendered":"\t\t<div data-elementor-type=\"wp-page\" data-elementor-id=\"182\" class=\"elementor elementor-182\" data-elementor-post-type=\"page\">\n\t\t\t\t\t\t\t<div class=\"elementor-element elementor-element-856e49c e-flex e-con-boxed e-con e-parent\" data-id=\"856e49c\" data-element_type=\"container\" data-settings=\"{&quot;content_width&quot;:&quot;boxed&quot;}\" data-core-v316-plus=\"true\">\n\t\t\t\t\t<div class=\"e-con-inner\">\n\t\t<div class=\"elementor-element elementor-element-5d45f87 e-con-full animated-fast e-flex elementor-invisible e-con e-child\" data-id=\"5d45f87\" data-element_type=\"container\" data-settings=\"{&quot;content_width&quot;:&quot;full&quot;,&quot;animation&quot;:&quot;fadeInLeft&quot;}\">\n\t\t\t\t<div class=\"elementor-element elementor-element-0108311 elementor-widget elementor-widget-heading\" data-id=\"0108311\" data-element_type=\"widget\" data-widget_type=\"heading.default\">\n\t\t\t\t<div class=\"elementor-widget-container\">\n\t\t\t<style>\/*! elementor - v3.17.0 - 08-11-2023 *\/\n.elementor-heading-title{padding:0;margin:0;line-height:1}.elementor-widget-heading .elementor-heading-title[class*=elementor-size-]>a{color:inherit;font-size:inherit;line-height:inherit}.elementor-widget-heading .elementor-heading-title.elementor-size-small{font-size:15px}.elementor-widget-heading .elementor-heading-title.elementor-size-medium{font-size:19px}.elementor-widget-heading .elementor-heading-title.elementor-size-large{font-size:29px}.elementor-widget-heading .elementor-heading-title.elementor-size-xl{font-size:39px}.elementor-widget-heading .elementor-heading-title.elementor-size-xxl{font-size:59px}<\/style><h2 class=\"elementor-heading-title elementor-size-default\">LES HOMMES<\/h2>\t\t<\/div>\n\t\t\t\t<\/div>\n\t\t\t\t<div class=\"elementor-element elementor-element-a593b53 elementor-widget elementor-widget-text-editor\" data-id=\"a593b53\" data-element_type=\"widget\" data-widget_type=\"text-editor.default\">\n\t\t\t\t<div class=\"elementor-widget-container\">\n\t\t\t<style>\/*! elementor - v3.17.0 - 08-11-2023 *\/\n.elementor-widget-text-editor.elementor-drop-cap-view-stacked .elementor-drop-cap{background-color:#69727d;color:#fff}.elementor-widget-text-editor.elementor-drop-cap-view-framed .elementor-drop-cap{color:#69727d;border:3px solid;background-color:transparent}.elementor-widget-text-editor:not(.elementor-drop-cap-view-default) .elementor-drop-cap{margin-top:8px}.elementor-widget-text-editor:not(.elementor-drop-cap-view-default) .elementor-drop-cap-letter{width:1em;height:1em}.elementor-widget-text-editor .elementor-drop-cap{float:left;text-align:center;line-height:1;font-size:50px}.elementor-widget-text-editor .elementor-drop-cap-letter{display:inline-block}<\/style>\t\t\t\tAlexia et Pierre sont deux enfants du pays lorrain et ing\u00e9nieurs agroalimentaires de formation. Fiers de leurs racines et forts de leurs exp\u00e9riences professionnelles en brasserie, ils souhaitent avant tout travailler avec les acteurs et producteurs de la r\u00e9gion.\t\t\t\t\t\t<\/div>\n\t\t\t\t<\/div>\n\t\t\t\t<\/div>\n\t\t<div class=\"elementor-element elementor-element-ca70690 e-con-full animated-slow e-flex elementor-invisible e-con e-child\" data-id=\"ca70690\" data-element_type=\"container\" data-settings=\"{&quot;content_width&quot;:&quot;full&quot;,&quot;animation&quot;:&quot;fadeIn&quot;}\">\n\t\t\t\t<div class=\"elementor-element elementor-element-5d6671e animated-fast elementor-invisible elementor-widget elementor-widget-image\" data-id=\"5d6671e\" data-element_type=\"widget\" data-settings=\"{&quot;_animation&quot;:&quot;fadeIn&quot;}\" data-widget_type=\"image.default\">\n\t\t\t\t<div class=\"elementor-widget-container\">\n\t\t\t<style>\/*! elementor - v3.17.0 - 08-11-2023 *\/\n.elementor-widget-image{text-align:center}.elementor-widget-image a{display:inline-block}.elementor-widget-image a img[src$=\".svg\"]{width:48px}.elementor-widget-image img{vertical-align:middle;display:inline-block}<\/style>\t\t\t\t\t\t\t\t\t\t\t\t<img loading=\"lazy\" decoding=\"async\" width=\"800\" height=\"533\" src=\"https:\/\/brasserieparcel.com\/wp-content\/uploads\/2023\/11\/IMG_7369-1024x682.jpg\" class=\"attachment-large size-large wp-image-424\" alt=\"\" srcset=\"https:\/\/brasserieparcel.com\/wp-content\/uploads\/2023\/11\/IMG_7369-1024x682.jpg 1024w, https:\/\/brasserieparcel.com\/wp-content\/uploads\/2023\/11\/IMG_7369-300x200.jpg 300w, https:\/\/brasserieparcel.com\/wp-content\/uploads\/2023\/11\/IMG_7369-768x511.jpg 768w, https:\/\/brasserieparcel.com\/wp-content\/uploads\/2023\/11\/IMG_7369-1536x1022.jpg 1536w, https:\/\/brasserieparcel.com\/wp-content\/uploads\/2023\/11\/IMG_7369.jpg 2048w\" sizes=\"auto, (max-width: 800px) 100vw, 800px\" \/>\t\t\t\t\t\t\t\t\t\t\t\t\t\t\t<\/div>\n\t\t\t\t<\/div>\n\t\t\t\t<\/div>\n\t\t\t\t\t<\/div>\n\t\t\t\t<\/div>\n\t\t<div class=\"elementor-element elementor-element-882481b e-flex e-con-boxed e-con e-parent\" data-id=\"882481b\" data-element_type=\"container\" data-settings=\"{&quot;background_background&quot;:&quot;classic&quot;,&quot;background_motion_fx_motion_fx_scrolling&quot;:&quot;yes&quot;,&quot;background_motion_fx_translateY_effect&quot;:&quot;yes&quot;,&quot;background_motion_fx_translateY_speed&quot;:{&quot;unit&quot;:&quot;px&quot;,&quot;size&quot;:10,&quot;sizes&quot;:[]},&quot;background_motion_fx_scale_effect&quot;:&quot;yes&quot;,&quot;background_motion_fx_scale_speed&quot;:{&quot;unit&quot;:&quot;px&quot;,&quot;size&quot;:2,&quot;sizes&quot;:[]},&quot;background_motion_fx_range&quot;:&quot;page&quot;,&quot;content_width&quot;:&quot;boxed&quot;,&quot;background_motion_fx_translateY_affectedRange&quot;:{&quot;unit&quot;:&quot;%&quot;,&quot;size&quot;:&quot;&quot;,&quot;sizes&quot;:{&quot;start&quot;:0,&quot;end&quot;:100}},&quot;background_motion_fx_scale_direction&quot;:&quot;out-in&quot;,&quot;background_motion_fx_scale_range&quot;:{&quot;unit&quot;:&quot;%&quot;,&quot;size&quot;:&quot;&quot;,&quot;sizes&quot;:{&quot;start&quot;:20,&quot;end&quot;:80}},&quot;background_motion_fx_devices&quot;:[&quot;desktop&quot;,&quot;tablet&quot;,&quot;mobile&quot;]}\" data-core-v316-plus=\"true\">\n\t\t\t\t\t<div class=\"e-con-inner\">\n\t\t\t\t\t<\/div>\n\t\t\t\t<\/div>\n\t\t<div class=\"elementor-element elementor-element-23e7262 e-flex e-con-boxed e-con e-parent\" data-id=\"23e7262\" data-element_type=\"container\" data-settings=\"{&quot;content_width&quot;:&quot;boxed&quot;}\" data-core-v316-plus=\"true\">\n\t\t\t\t\t<div class=\"e-con-inner\">\n\t\t<div class=\"elementor-element elementor-element-a7e9164 e-con-full animated-slow e-flex elementor-invisible e-con e-child\" data-id=\"a7e9164\" data-element_type=\"container\" data-settings=\"{&quot;content_width&quot;:&quot;full&quot;,&quot;animation&quot;:&quot;fadeIn&quot;}\">\n\t\t\t\t<div class=\"elementor-element elementor-element-3671239 animated-fast elementor-invisible elementor-widget elementor-widget-image\" data-id=\"3671239\" data-element_type=\"widget\" data-settings=\"{&quot;_animation&quot;:&quot;fadeIn&quot;}\" data-widget_type=\"image.default\">\n\t\t\t\t<div class=\"elementor-widget-container\">\n\t\t\t\t\t\t\t\t\t\t\t\t\t\t\t<img loading=\"lazy\" decoding=\"async\" width=\"800\" height=\"534\" src=\"https:\/\/brasserieparcel.com\/wp-content\/uploads\/2023\/11\/pexels-pixabay-326082-1024x683.jpg\" class=\"attachment-large size-large wp-image-549\" alt=\"\" srcset=\"https:\/\/brasserieparcel.com\/wp-content\/uploads\/2023\/11\/pexels-pixabay-326082-1024x683.jpg 1024w, https:\/\/brasserieparcel.com\/wp-content\/uploads\/2023\/11\/pexels-pixabay-326082-300x200.jpg 300w, https:\/\/brasserieparcel.com\/wp-content\/uploads\/2023\/11\/pexels-pixabay-326082-768x512.jpg 768w, https:\/\/brasserieparcel.com\/wp-content\/uploads\/2023\/11\/pexels-pixabay-326082-1536x1024.jpg 1536w, https:\/\/brasserieparcel.com\/wp-content\/uploads\/2023\/11\/pexels-pixabay-326082-2048x1365.jpg 2048w\" sizes=\"auto, (max-width: 800px) 100vw, 800px\" \/>\t\t\t\t\t\t\t\t\t\t\t\t\t\t\t<\/div>\n\t\t\t\t<\/div>\n\t\t\t\t<\/div>\n\t\t<div class=\"elementor-element elementor-element-fa7b8c3 e-con-full animated-fast e-flex elementor-invisible e-con e-child\" data-id=\"fa7b8c3\" data-element_type=\"container\" data-settings=\"{&quot;content_width&quot;:&quot;full&quot;,&quot;animation&quot;:&quot;fadeInRight&quot;}\">\n\t\t\t\t<div class=\"elementor-element elementor-element-df90be0 elementor-widget elementor-widget-heading\" data-id=\"df90be0\" data-element_type=\"widget\" data-widget_type=\"heading.default\">\n\t\t\t\t<div class=\"elementor-widget-container\">\n\t\t\t<h2 class=\"elementor-heading-title elementor-size-default\">LA TERRE<\/h2>\t\t<\/div>\n\t\t\t\t<\/div>\n\t\t\t\t<div class=\"elementor-element elementor-element-5f864af elementor-widget elementor-widget-text-editor\" data-id=\"5f864af\" data-element_type=\"widget\" data-widget_type=\"text-editor.default\">\n\t\t\t\t<div class=\"elementor-widget-container\">\n\t\t\t\t\t\t\tLa brasserie s\u2019est implant\u00e9e sur la ferme familiale \u00e0 Filstroff, lui permettant de brasser avec les c\u00e9r\u00e9ales biologiques cultiv\u00e9es sur l\u2019exploitation. Au rythme des saisons, Parcel utilise ses propres c\u00e9r\u00e9ales tels que l\u2019orge, le bl\u00e9, l\u2019avoine, le sarrasin, l&rsquo;\u00e9peautre, le tout pour des bi\u00e8res \u00e0 l\u2019empreinte locale forte.\t\t\t\t\t\t<\/div>\n\t\t\t\t<\/div>\n\t\t\t\t<\/div>\n\t\t\t\t\t<\/div>\n\t\t\t\t<\/div>\n\t\t<div class=\"elementor-element elementor-element-0c4b7bf e-flex e-con-boxed e-con e-parent\" data-id=\"0c4b7bf\" data-element_type=\"container\" data-settings=\"{&quot;background_background&quot;:&quot;classic&quot;,&quot;background_motion_fx_motion_fx_scrolling&quot;:&quot;yes&quot;,&quot;background_motion_fx_translateY_effect&quot;:&quot;yes&quot;,&quot;background_motion_fx_translateY_speed&quot;:{&quot;unit&quot;:&quot;px&quot;,&quot;size&quot;:10,&quot;sizes&quot;:[]},&quot;background_motion_fx_scale_effect&quot;:&quot;yes&quot;,&quot;background_motion_fx_scale_speed&quot;:{&quot;unit&quot;:&quot;px&quot;,&quot;size&quot;:2,&quot;sizes&quot;:[]},&quot;background_motion_fx_range&quot;:&quot;page&quot;,&quot;content_width&quot;:&quot;boxed&quot;,&quot;background_motion_fx_translateY_affectedRange&quot;:{&quot;unit&quot;:&quot;%&quot;,&quot;size&quot;:&quot;&quot;,&quot;sizes&quot;:{&quot;start&quot;:0,&quot;end&quot;:100}},&quot;background_motion_fx_scale_direction&quot;:&quot;out-in&quot;,&quot;background_motion_fx_scale_range&quot;:{&quot;unit&quot;:&quot;%&quot;,&quot;size&quot;:&quot;&quot;,&quot;sizes&quot;:{&quot;start&quot;:20,&quot;end&quot;:80}},&quot;background_motion_fx_devices&quot;:[&quot;desktop&quot;,&quot;tablet&quot;,&quot;mobile&quot;]}\" data-core-v316-plus=\"true\">\n\t\t\t\t\t<div class=\"e-con-inner\">\n\t\t\t\t\t<\/div>\n\t\t\t\t<\/div>\n\t\t<div class=\"elementor-element elementor-element-2a5c957 e-flex e-con-boxed e-con e-parent\" data-id=\"2a5c957\" data-element_type=\"container\" data-settings=\"{&quot;content_width&quot;:&quot;boxed&quot;}\" data-core-v316-plus=\"true\">\n\t\t\t\t\t<div class=\"e-con-inner\">\n\t\t<div class=\"elementor-element elementor-element-6f44b6d e-con-full animated-fast e-flex elementor-invisible e-con e-child\" data-id=\"6f44b6d\" data-element_type=\"container\" data-settings=\"{&quot;content_width&quot;:&quot;full&quot;,&quot;animation&quot;:&quot;fadeInLeft&quot;}\">\n\t\t\t\t<div class=\"elementor-element elementor-element-2263d2c elementor-widget elementor-widget-heading\" data-id=\"2263d2c\" data-element_type=\"widget\" data-widget_type=\"heading.default\">\n\t\t\t\t<div class=\"elementor-widget-container\">\n\t\t\t<h2 class=\"elementor-heading-title elementor-size-default\">LA BI\u00c8RE<\/h2>\t\t<\/div>\n\t\t\t\t<\/div>\n\t\t\t\t<div class=\"elementor-element elementor-element-0d47548 elementor-widget elementor-widget-text-editor\" data-id=\"0d47548\" data-element_type=\"widget\" data-widget_type=\"text-editor.default\">\n\t\t\t\t<div class=\"elementor-widget-container\">\n\t\t\t\t\t\t\tParcel s\u2019est lanc\u00e9 le d\u00e9fi d\u2019allier\nmodernit\u00e9, qualit\u00e9 et valorisation du terroir lorrain \u00e0 travers ses bi\u00e8res :\n\u00e9quilibre et buvabilit\u00e9 \u00e9tant les ma\u00eetres-mots. De la traditionnelle Lager \u00e0 la\ntendance houblonn\u00e9e, la cr\u00e9ativit\u00e9 de Parcel ne fait que commencer !\t\t\t\t\t\t<\/div>\n\t\t\t\t<\/div>\n\t\t\t\t<\/div>\n\t\t<div class=\"elementor-element elementor-element-92c5097 e-con-full animated-fast e-flex elementor-invisible e-con e-child\" data-id=\"92c5097\" data-element_type=\"container\" data-settings=\"{&quot;content_width&quot;:&quot;full&quot;,&quot;animation&quot;:&quot;fadeIn&quot;}\">\n\t\t\t\t<div class=\"elementor-element elementor-element-80fdfa3 elementor-widget elementor-widget-image\" data-id=\"80fdfa3\" data-element_type=\"widget\" data-widget_type=\"image.default\">\n\t\t\t\t<div class=\"elementor-widget-container\">\n\t\t\t\t\t\t\t\t\t\t\t\t\t\t\t<img loading=\"lazy\" decoding=\"async\" width=\"800\" height=\"534\" src=\"https:\/\/brasserieparcel.com\/wp-content\/uploads\/2023\/11\/iStock-1093593288-1024x683.jpg\" class=\"attachment-large size-large wp-image-444\" alt=\"\" srcset=\"https:\/\/brasserieparcel.com\/wp-content\/uploads\/2023\/11\/iStock-1093593288-1024x683.jpg 1024w, https:\/\/brasserieparcel.com\/wp-content\/uploads\/2023\/11\/iStock-1093593288-300x200.jpg 300w, https:\/\/brasserieparcel.com\/wp-content\/uploads\/2023\/11\/iStock-1093593288-768x512.jpg 768w, https:\/\/brasserieparcel.com\/wp-content\/uploads\/2023\/11\/iStock-1093593288-1536x1024.jpg 1536w, https:\/\/brasserieparcel.com\/wp-content\/uploads\/2023\/11\/iStock-1093593288-2048x1365.jpg 2048w\" sizes=\"auto, (max-width: 800px) 100vw, 800px\" \/>\t\t\t\t\t\t\t\t\t\t\t\t\t\t\t<\/div>\n\t\t\t\t<\/div>\n\t\t\t\t<\/div>\n\t\t\t\t\t<\/div>\n\t\t\t\t<\/div>\n\t\t\t\t\t\t\t<\/div>\n\t\t","protected":false},"excerpt":{"rendered":"<p>LES HOMMES Alexia et Pierre sont deux enfants du pays lorrain et ing\u00e9nieurs agroalimentaires de formation. Fiers de leurs racines et forts de leurs exp\u00e9riences professionnelles en brasserie, ils souhaitent avant tout travailler avec les acteurs et producteurs de la r\u00e9gion. LA TERRE La brasserie s\u2019est implant\u00e9e sur la ferme familiale \u00e0 Filstroff, lui permettant [&hellip;]<\/p>\n","protected":false},"author":1,"featured_media":0,"parent":0,"menu_order":0,"comment_status":"closed","ping_status":"closed","template":"","meta":{"footnotes":""},"class_list":["post-182","page","type-page","status-publish","hentry"],"aioseo_notices":[],"_links":{"self":[{"href":"https:\/\/brasserieparcel.com\/index.php\/wp-json\/wp\/v2\/pages\/182","targetHints":{"allow":["GET"]}}],"collection":[{"href":"https:\/\/brasserieparcel.com\/index.php\/wp-json\/wp\/v2\/pages"}],"about":[{"href":"https:\/\/brasserieparcel.com\/index.php\/wp-json\/wp\/v2\/types\/page"}],"author":[{"embeddable":true,"href":"https:\/\/brasserieparcel.com\/index.php\/wp-json\/wp\/v2\/users\/1"}],"replies":[{"embeddable":true,"href":"https:\/\/brasserieparcel.com\/index.php\/wp-json\/wp\/v2\/comments?post=182"}],"version-history":[{"count":196,"href":"https:\/\/brasserieparcel.com\/index.php\/wp-json\/wp\/v2\/pages\/182\/revisions"}],"predecessor-version":[{"id":1345,"href":"https:\/\/brasserieparcel.com\/index.php\/wp-json\/wp\/v2\/pages\/182\/revisions\/1345"}],"wp:attachment":[{"href":"https:\/\/brasserieparcel.com\/index.php\/wp-json\/wp\/v2\/media?parent=182"}],"curies":[{"name":"wp","href":"https:\/\/api.w.org\/{rel}","templated":true}]}}